{"id":2539,"date":"2023-10-04T03:49:26","date_gmt":"2023-10-04T01:49:26","guid":{"rendered":"https:\/\/www.koor.sk\/befektetok-reszere\/"},"modified":"2024-10-07T01:44:27","modified_gmt":"2024-10-06T23:44:27","slug":"befektetok-reszere","status":"publish","type":"page","link":"https:\/\/www.koor.sk\/hu\/szolgaltatasaink\/befektetok-reszere\/","title":{"rendered":"Befektet\u0151k r\u00e9sz\u00e9re"},"content":{"rendered":"<div class=\"wpb-content-wrapper\"><p>[vc_row][vc_column][vc_custom_heading text=&#8221;Befektet\u0151k r\u00e9sz\u00e9re&#8221; font_container=&#8221;tag:h1|text_align:left|color:%23ff2800&#8243; google_fonts=&#8221;font_family:Roboto%3A100%2C100italic%2C300%2C300italic%2Cregular%2Citalic%2C500%2C500italic%2C700%2C700italic%2C900%2C900italic|font_style:700%20bold%20regular%3A700%3Anormal&#8221; css=&#8221;.vc_custom_1696384137476{padding-top: 30px !important;}&#8221;][\/vc_column][\/vc_row][vc_row full_width=&#8221;stretch_row&#8221; gap=&#8221;30&#8243; css=&#8221;.vc_custom_1696381290407{background-position: center !important;background-repeat: no-repeat !important;background-size: contain !important;}&#8221;][vc_column width=&#8221;2\/3&#8243;][vc_column_text css=&#8221;.vc_custom_1696384154946{padding-bottom: 30px !important;}&#8221;]Szolg\u00e1ltat\u00e1si portf\u00f3li\u00f3nk fontos r\u00e9sz\u00e9t k\u00e9pezi a lak\u00e1s-, irodah\u00e1z- \u00e9s ipari projektek befektet\u0151ivel val\u00f3 egy\u00fcttm\u0171k\u00f6d\u00e9s. Ezekben az esetekben a befektet\u0151vel az energia \u00e9s a hossz\u00fa t\u00e1v\u00fa fenntarthat\u00f3s\u00e1g szak\u00e9rt\u0151jek\u00e9nt dolgozunk egy\u00fctt. Megtervezz\u00fck a h\u0151 forr\u00e1s\u00e1t \u00e9s az eloszt\u00e1sa m\u00f3dj\u00e1t, a h\u0171t\u00e9s forr\u00e1s\u00e1t \u00e9s a l\u00e9gkondicion\u00e1l\u00e1st, a vez\u00e9rl\u0151rendszereket, a meg\u00fajul\u00f3 forr\u00e1sok haszn\u00e1lat\u00e1t, valamint mindezen egys\u00e9gek egyetlen m\u00e9r\u0151- \u00e9s vez\u00e9rl\u0151rendszerbe t\u00f6rt\u00e9n\u0151 integr\u00e1l\u00e1s\u00e1t. A befektet\u0151kkel val\u00f3 egy\u00fcttm\u0171k\u00f6d\u00e9sben beruh\u00e1z\u00f3k\u00e9nt is r\u00e9szt vesz\u00fcnk, az \u00e1ltalunk k\u00edn\u00e1lt megold\u00e1sokat k\u00e9pesek vagyunk finansz\u00edrozni, \u00edgy felszabad\u00edthatjuk a befektet\u0151k energia\u00e1gazatra tervezett forr\u00e1sainak egy r\u00e9sz\u00e9t.   <\/p>\n<p>Egy\u00fcttm\u0171k\u00f6d\u00e9seink kiterjednek az ingatlanbefektet\u0151kre is, akiknek tan\u00e1csad\u00e1st ny\u00fajtunk az energetika, a sz\u00fcks\u00e9ges technol\u00f3giai beruh\u00e1z\u00e1sokon kereszt\u00fcl zajl\u00f3 \u00e9p\u00fcletek hasznos\u00edt\u00e1sa, a j\u00f6v\u0151re vonatkoz\u00f3 beruh\u00e1z\u00e1si tervek elk\u00e9sz\u00edt\u00e9se \u00e9s az ESG-tan\u00fas\u00edt\u00e1s ter\u00fclet\u00e9n.[\/vc_column_text][\/vc_column][vc_column width=&#8221;1\/3&#8243;][vc_btn title=&#8221;Konzult\u00e1ci\u00f3 k\u00e9r\u00e9se&#8221; style=&#8221;flat&#8221; shape=&#8221;round&#8221; color=&#8221;danger&#8221; align=&#8221;center&#8221; link=&#8221;url:https%3A%2F%2Fwww.koor.sk%2Fhu%2Fkonzultacio-kerese%2F|title:Konzult%C3%A1ci%C3%B3%20k%C3%A9r%C3%A9se|&#8221;][\/vc_column][\/vc_row][vc_row css=&#8221;.vc_custom_1696381557769{padding-top: 50px !important;}&#8221;][vc_column][vc_custom_heading text=&#8221;Mi\u00e9rt \u00e9ppen a KOOR?&#8221; font_container=&#8221;tag:h3|text_align:left|color:%23ff2800&#8243; google_fonts=&#8221;font_family:Roboto%3A100%2C100italic%2C300%2C300italic%2Cregular%2Citalic%2C500%2C500italic%2C700%2C700italic%2C900%2C900italic|font_style:700%20bold%20regular%3A700%3Anormal&#8221; css=&#8221;.vc_custom_1696381695078{padding-bottom: 20px !important;}&#8221;][vc_row_inner][vc_column_inner width=&#8221;1\/3&#8243;][vc_column_text css=&#8221;.vc_custom_1696381645062{padding-bottom: 30px !important;}&#8221;]<\/p>\n<ul>\n<li><strong>Egy j\u00f3l bev\u00e1lt csapatot alkotunk<\/strong>, amely az egyed\u00fcl\u00e1ll\u00f3 technol\u00f3giai szaktud\u00e1snak k\u00f6sz\u00f6nhet\u0151en meg\u00e1llja a hely\u00e9t az energia \u00e9s a meg\u00fajul\u00f3 energiaforr\u00e1sok ter\u00fclet\u00e9n.<\/li>\n<\/ul>\n<p>[\/vc_column_text][\/vc_column_inner][vc_column_inner width=&#8221;1\/3&#8243;][vc_column_text css=&#8221;.vc_custom_1696381634911{padding-bottom: 30px !important;}&#8221;]<\/p>\n<ul>\n<li><strong>\u00c1tfog\u00f3 szolg\u00e1ltat\u00e1sokat ny\u00fajtunk<\/strong>, az elk\u00e9pzelt koncepci\u00f3tervekt\u0151l kezdve, a terv hat\u00e9konys\u00e1g\u00e1nak ellen\u0151rz\u00e9s\u00e9n \u00e9s projektdokument\u00e1ci\u00f3n \u00e1t, eg\u00e9szen a finansz\u00edroz\u00e1s, megval\u00f3s\u00edt\u00e1s \u00e9s az energetikai infrastrukt\u00fara \u00fczemeltet\u00e9s f\u00e1zis\u00e1ig.<\/li>\n<\/ul>\n<p>[\/vc_column_text][\/vc_column_inner][vc_column_inner width=&#8221;1\/3&#8243;][vc_column_text css=&#8221;.vc_custom_1696381615315{padding-bottom: 30px !important;}&#8221;]<\/p>\n<ul>\n<li><strong>Biztos\u00edtjuk a magas technol\u00f3giai sz\u00ednvonalat<\/strong> a projektek megval\u00f3s\u00edt\u00e1s\u00e1n\u00e1l.<\/li>\n<\/ul>\n<p>[\/vc_column_text][\/vc_column_inner][\/vc_row_inner][vc_btn title=&#8221;Konzult\u00e1ci\u00f3 k\u00e9r\u00e9se&#8221; style=&#8221;flat&#8221; shape=&#8221;round&#8221; color=&#8221;danger&#8221; align=&#8221;center&#8221; link=&#8221;url:https%3A%2F%2Fwww.koor.sk%2Fhu%2Fkonzultacio-kerese%2F|title:Konzult%C3%A1ci%C3%B3%20k%C3%A9r%C3%A9se|&#8221;][\/vc_column][\/vc_row][vc_row full_width=&#8221;stretch_row_content&#8221; css=&#8221;.vc_custom_1696381943110{padding-bottom: 0px !important;}&#8221;][vc_column][vc_single_image image=&#8221;1656&#8243; img_size=&#8221;full&#8221; alignment=&#8221;center&#8221; css=&#8221;.vc_custom_1696382030132{margin-bottom: 0px !important;}&#8221;][\/vc_column][\/vc_row][vc_row full_width=&#8221;stretch_row&#8221; css=&#8221;.vc_custom_1622443852000{background-color: #ff2800 !important;}&#8221;][vc_column width=&#8221;2\/4&#8243;][vc_custom_heading text=&#8221;Szeretne \u00e9rtes\u00fclni az energiaszolg\u00e1ltat\u00e1sokkal kapcsolatos \u00fajdons\u00e1gokr\u00f3l?&#8221; font_container=&#8221;tag:h5|font_size:18px|text_align:left|color:%23ffffff&#8221; google_fonts=&#8221;font_family:Roboto%3A100%2C100italic%2C300%2C300italic%2Cregular%2Citalic%2C500%2C500italic%2C700%2C700italic%2C900%2C900italic|font_style:400%20regular%3A400%3Anormal&#8221; css_animation=&#8221;fadeInUp&#8221; css=&#8221;.vc_custom_1696357048460{padding-right: 30px !important;}&#8221;][vc_custom_heading text=&#8221;IRATKOZZON FEL H\u00cdRLEVEL\u00dcNKRE&#8221; font_container=&#8221;tag:h5|font_size:18px|text_align:left|color:%23ffffff&#8221; google_fonts=&#8221;font_family:Roboto%3A100%2C100italic%2C300%2C300italic%2Cregular%2Citalic%2C500%2C500italic%2C700%2C700italic%2C900%2C900italic|font_style:400%20regular%3A400%3Anormal&#8221; css_animation=&#8221;fadeInUp&#8221; css=&#8221;.vc_custom_1696357054701{padding-right: 30px !important;padding-bottom: 10px !important;}&#8221;][vc_column_text]<script>(function() {\n\twindow.mc4wp = window.mc4wp || {\n\t\tlisteners: [],\n\t\tforms: {\n\t\t\ton: function(evt, cb) {\n\t\t\t\twindow.mc4wp.listeners.push(\n\t\t\t\t\t{\n\t\t\t\t\t\tevent   : evt,\n\t\t\t\t\t\tcallback: cb\n\t\t\t\t\t}\n\t\t\t\t);\n\t\t\t}\n\t\t}\n\t}\n})();\n<\/script><!-- Mailchimp for WordPress v4.12.1 - https:\/\/wordpress.org\/plugins\/mailchimp-for-wp\/ --><form id=\"mc4wp-form-1\" class=\"mc4wp-form mc4wp-form-375\" method=\"post\" data-id=\"375\" data-name=\"Test\" ><div class=\"mc4wp-form-fields\"><div class=\"vc_btn3-container\" style=\"padding-bottom: 10px;\">\r\n\t\t<input style=\"border-radius: 25px;border: none;padding:5px 10px;width:250px;\" type=\"email\" name=\"EMAIL\" placeholder=\"Va\u0161a e-mailov\u00e1 adresa\" required \/>\r\n  <input class=\"vc_general vc_btn3 vc_btn3-size-sm vc_btn3-shape-round vc_btn3-style-flat vc_btn3-color-white\" type=\"submit\" value=\"ODOBERA\u0164\" \/>\r\n<\/div><\/div><label style=\"display: none !important;\">Ha \u00d6n ember, hagyja \u00fcresen ezt a mez\u0151t: <input type=\"text\" name=\"_mc4wp_honeypot\" value=\"\" tabindex=\"-1\" autocomplete=\"off\" \/><\/label><input type=\"hidden\" name=\"_mc4wp_timestamp\" value=\"1777504684\" \/><input type=\"hidden\" name=\"_mc4wp_form_id\" value=\"375\" \/><input type=\"hidden\" name=\"_mc4wp_form_element_id\" value=\"mc4wp-form-1\" \/><div class=\"mc4wp-response\"><\/div><\/form><!-- \/ Mailchimp for WordPress Plugin -->[\/vc_column_text][\/vc_column][vc_column width=&#8221;1\/4&#8243;][vc_column_text]<\/p>\n<div style=\"color: #fff!important;\">KOOR, s.r.o.<br \/>Mlynsk\u00e9 Nivy 56,<br \/>821 05 Bratislava<br \/><a style=\"color: #fff!important;\" href=\"mailto:koor@koor.sk\" target=\"_blank\" rel=\"noopener\">koor@koor.sk<\/a><\/div>\n<p>[\/vc_column_text][\/vc_column][vc_column width=&#8221;1\/4&#8243;][vc_column_text]<a style=\"color: #fff!important;\" href=\"https:\/\/www.koor.sk\/kontakt\/\">\u2022 Vegye fel vel\u00fcnk a kapcsolatot<\/a><br \/><a style=\"color: #fff!important;\" href=\"https:\/\/www.koor.sk\/ochrana-osobnych-udajov\/\">\u2022 Adatv\u00e9delmi nyilatkozat<\/a><br \/>\u2022 Javaslat k\u00fcld\u00e9se<br \/><a style=\"color: #fff!important;\" href=\"https:\/\/forms.office.com\/Pages\/ResponsePage.aspx?id=6CBUDIpFPU6I9cy09HxbZ4Xlbe5XGDFJqeLNJis4uiZUMTI0QUhKRllHNjk2QlJLQTFYS1FRNDNSUi4u\">\u2022 Korrupci\u00f3 bejelent\u00e9se<\/a><br \/><a style=\"color: #fff!important;\" href=\"https:\/\/www.koor.sk\/na-stiahnutie\/\">\u2022 \u00c1ltal\u00e1nos szerz\u0151d\u00e9si felt\u00e9telek<\/a>[\/vc_column_text][\/vc_column][\/vc_row]<\/p>\n<\/div>","protected":false},"excerpt":{"rendered":"<p>[vc_row][vc_column][vc_custom_heading text=&#8221;Befektet\u0151k r\u00e9sz\u00e9re&#8221; font_container=&#8221;tag:h1|text_align:left|color:%23ff2800&#8243; google_fonts=&#8221;font_family:Roboto%3A100%2C100italic%2C300%2C300italic%2Cregular%2Citalic%2C500%2C500italic%2C700%2C700italic%2C900%2C900italic|font_style:700%20bold%20regular%3A700%3Anormal&#8221; css=&#8221;.vc_custom_1696384137476{padding-top: 30px !important;}&#8221;][\/vc_column][\/vc_row][vc_row full_width=&#8221;stretch_row&#8221; gap=&#8221;30&#8243; css=&#8221;.vc_custom_1696381290407{background-position: center !important;background-repeat: no-repeat !important;background-size: contain !important;}&#8221;][vc_column width=&#8221;2\/3&#8243;][vc_column_text css=&#8221;.vc_custom_1696384154946{padding-bottom: 30px !important;}&#8221;]Szolg\u00e1ltat\u00e1si portf\u00f3li\u00f3nk fontos r\u00e9sz\u00e9t k\u00e9pezi a lak\u00e1s-, irodah\u00e1z- \u00e9s ipari projektek befektet\u0151ivel val\u00f3 egy\u00fcttm\u0171k\u00f6d\u00e9s. Ezekben az esetekben a befektet\u0151vel az energia \u00e9s a hossz\u00fa t\u00e1v\u00fa fenntarthat\u00f3s\u00e1g szak\u00e9rt\u0151jek\u00e9nt dolgozunk egy\u00fctt. Megtervezz\u00fck a h\u0151 forr\u00e1s\u00e1t \u00e9s az [&hellip;]<\/p>\n","protected":false},"author":2,"featured_media":0,"parent":2551,"menu_order":0,"comment_status":"closed","ping_status":"closed","template":"","meta":{"_monsterinsights_skip_tracking":false,"_monsterinsights_sitenote_active":false,"_monsterinsights_sitenote_note":"","_monsterinsights_sitenote_category":0,"_vp_format_video_url":"","_vp_image_focal_point":[],"footnotes":""},"categories":[],"tags":[],"class_list":["post-2539","page","type-page","status-publish","hentry"],"yoast_head":"<!-- This site is optimized with the Yoast SEO plugin v27.1.1 - https:\/\/yoast.com\/product\/yoast-seo-wordpress\/ -->\n<title>Befektet\u0151k r\u00e9sz\u00e9re - KOOR<\/title>\n<meta name=\"robots\" content=\"index, follow, max-snippet:-1, max-image-preview:large, max-video-preview:-1\" \/>\n<link rel=\"canonical\" href=\"https:\/\/www.koor.sk\/nase-sluzby\/pre-development\/\" \/>\n<meta property=\"og:locale\" content=\"hu_HU\" \/>\n<meta property=\"og:type\" content=\"article\" \/>\n<meta property=\"og:title\" content=\"Befektet\u0151k r\u00e9sz\u00e9re - KOOR\" \/>\n<meta property=\"og:description\" content=\"[vc_row][vc_column][vc_custom_heading text=&#8221;Befektet\u0151k r\u00e9sz\u00e9re&#8221; font_container=&#8221;tag:h1|text_align:left|color:%23ff2800&#8243; google_fonts=&#8221;font_family:Roboto%3A100%2C100italic%2C300%2C300italic%2Cregular%2Citalic%2C500%2C500italic%2C700%2C700italic%2C900%2C900italic|font_style:700%20bold%20regular%3A700%3Anormal&#8221; css=&#8221;.vc_custom_1696384137476{padding-top: 30px !important;}&#8221;][\/vc_column][\/vc_row][vc_row full_width=&#8221;stretch_row&#8221; gap=&#8221;30&#8243; css=&#8221;.vc_custom_1696381290407{background-position: center !important;background-repeat: no-repeat !important;background-size: contain !important;}&#8221;][vc_column width=&#8221;2\/3&#8243;][vc_column_text css=&#8221;.vc_custom_1696384154946{padding-bottom: 30px !important;}&#8221;]Szolg\u00e1ltat\u00e1si portf\u00f3li\u00f3nk fontos r\u00e9sz\u00e9t k\u00e9pezi a lak\u00e1s-, irodah\u00e1z- \u00e9s ipari projektek befektet\u0151ivel val\u00f3 egy\u00fcttm\u0171k\u00f6d\u00e9s. Ezekben az esetekben a befektet\u0151vel az energia \u00e9s a hossz\u00fa t\u00e1v\u00fa fenntarthat\u00f3s\u00e1g szak\u00e9rt\u0151jek\u00e9nt dolgozunk egy\u00fctt. Megtervezz\u00fck a h\u0151 forr\u00e1s\u00e1t \u00e9s az [&hellip;]\" \/>\n<meta property=\"og:url\" content=\"https:\/\/www.koor.sk\/nase-sluzby\/pre-development\/\" \/>\n<meta property=\"og:site_name\" content=\"KOOR\" \/>\n<meta property=\"article:modified_time\" content=\"2024-10-06T23:44:27+00:00\" \/>\n<meta name=\"twitter:card\" content=\"summary_large_image\" \/>\n<meta name=\"twitter:label1\" content=\"Becs\u00fclt olvas\u00e1si id\u0151\" \/>\n\t<meta name=\"twitter:data1\" content=\"4 perc\" \/>\n<script type=\"application\/ld+json\" class=\"yoast-schema-graph\">{\"@context\":\"https:\/\/schema.org\",\"@graph\":[{\"@type\":\"WebPage\",\"@id\":\"https:\/\/www.koor.sk\/nase-sluzby\/pre-development\/\",\"url\":\"https:\/\/www.koor.sk\/nase-sluzby\/pre-development\/\",\"name\":\"Befektet\u0151k r\u00e9sz\u00e9re - KOOR\",\"isPartOf\":{\"@id\":\"https:\/\/www.koor.sk\/#website\"},\"datePublished\":\"2023-10-04T01:49:26+00:00\",\"dateModified\":\"2024-10-06T23:44:27+00:00\",\"breadcrumb\":{\"@id\":\"https:\/\/www.koor.sk\/nase-sluzby\/pre-development\/#breadcrumb\"},\"inLanguage\":\"hu\",\"potentialAction\":[{\"@type\":\"ReadAction\",\"target\":[\"https:\/\/www.koor.sk\/nase-sluzby\/pre-development\/\"]}]},{\"@type\":\"BreadcrumbList\",\"@id\":\"https:\/\/www.koor.sk\/nase-sluzby\/pre-development\/#breadcrumb\",\"itemListElement\":[{\"@type\":\"ListItem\",\"position\":1,\"name\":\"Home\",\"item\":\"https:\/\/www.koor.sk\/hu\/kezdolap\/\"},{\"@type\":\"ListItem\",\"position\":2,\"name\":\"Szolg\u00e1ltat\u00e1saink\",\"item\":\"https:\/\/www.koor.sk\/hu\/szolgaltatasaink\/\"},{\"@type\":\"ListItem\",\"position\":3,\"name\":\"Befektet\u0151k r\u00e9sz\u00e9re\"}]},{\"@type\":\"WebSite\",\"@id\":\"https:\/\/www.koor.sk\/#website\",\"url\":\"https:\/\/www.koor.sk\/\",\"name\":\"KOOR\",\"description\":\"\",\"publisher\":{\"@id\":\"https:\/\/www.koor.sk\/#organization\"},\"potentialAction\":[{\"@type\":\"SearchAction\",\"target\":{\"@type\":\"EntryPoint\",\"urlTemplate\":\"https:\/\/www.koor.sk\/?s={search_term_string}\"},\"query-input\":{\"@type\":\"PropertyValueSpecification\",\"valueRequired\":true,\"valueName\":\"search_term_string\"}}],\"inLanguage\":\"hu\"},{\"@type\":\"Organization\",\"@id\":\"https:\/\/www.koor.sk\/#organization\",\"name\":\"KOOR\",\"url\":\"https:\/\/www.koor.sk\/\",\"logo\":{\"@type\":\"ImageObject\",\"inLanguage\":\"hu\",\"@id\":\"https:\/\/www.koor.sk\/#\/schema\/logo\/image\/\",\"url\":\"https:\/\/www.koor.sk\/wp-content\/uploads\/2021\/05\/koor-logo.jpg\",\"contentUrl\":\"https:\/\/www.koor.sk\/wp-content\/uploads\/2021\/05\/koor-logo.jpg\",\"width\":286,\"height\":55,\"caption\":\"KOOR\"},\"image\":{\"@id\":\"https:\/\/www.koor.sk\/#\/schema\/logo\/image\/\"}}]}<\/script>\n<!-- \/ Yoast SEO plugin. -->","yoast_head_json":{"title":"Befektet\u0151k r\u00e9sz\u00e9re - KOOR","robots":{"index":"index","follow":"follow","max-snippet":"max-snippet:-1","max-image-preview":"max-image-preview:large","max-video-preview":"max-video-preview:-1"},"canonical":"https:\/\/www.koor.sk\/nase-sluzby\/pre-development\/","og_locale":"hu_HU","og_type":"article","og_title":"Befektet\u0151k r\u00e9sz\u00e9re - KOOR","og_description":"[vc_row][vc_column][vc_custom_heading text=&#8221;Befektet\u0151k r\u00e9sz\u00e9re&#8221; font_container=&#8221;tag:h1|text_align:left|color:%23ff2800&#8243; google_fonts=&#8221;font_family:Roboto%3A100%2C100italic%2C300%2C300italic%2Cregular%2Citalic%2C500%2C500italic%2C700%2C700italic%2C900%2C900italic|font_style:700%20bold%20regular%3A700%3Anormal&#8221; css=&#8221;.vc_custom_1696384137476{padding-top: 30px !important;}&#8221;][\/vc_column][\/vc_row][vc_row full_width=&#8221;stretch_row&#8221; gap=&#8221;30&#8243; css=&#8221;.vc_custom_1696381290407{background-position: center !important;background-repeat: no-repeat !important;background-size: contain !important;}&#8221;][vc_column width=&#8221;2\/3&#8243;][vc_column_text css=&#8221;.vc_custom_1696384154946{padding-bottom: 30px !important;}&#8221;]Szolg\u00e1ltat\u00e1si portf\u00f3li\u00f3nk fontos r\u00e9sz\u00e9t k\u00e9pezi a lak\u00e1s-, irodah\u00e1z- \u00e9s ipari projektek befektet\u0151ivel val\u00f3 egy\u00fcttm\u0171k\u00f6d\u00e9s. Ezekben az esetekben a befektet\u0151vel az energia \u00e9s a hossz\u00fa t\u00e1v\u00fa fenntarthat\u00f3s\u00e1g szak\u00e9rt\u0151jek\u00e9nt dolgozunk egy\u00fctt. Megtervezz\u00fck a h\u0151 forr\u00e1s\u00e1t \u00e9s az [&hellip;]","og_url":"https:\/\/www.koor.sk\/nase-sluzby\/pre-development\/","og_site_name":"KOOR","article_modified_time":"2024-10-06T23:44:27+00:00","twitter_card":"summary_large_image","twitter_misc":{"Becs\u00fclt olvas\u00e1si id\u0151":"4 perc"},"schema":{"@context":"https:\/\/schema.org","@graph":[{"@type":"WebPage","@id":"https:\/\/www.koor.sk\/nase-sluzby\/pre-development\/","url":"https:\/\/www.koor.sk\/nase-sluzby\/pre-development\/","name":"Befektet\u0151k r\u00e9sz\u00e9re - KOOR","isPartOf":{"@id":"https:\/\/www.koor.sk\/#website"},"datePublished":"2023-10-04T01:49:26+00:00","dateModified":"2024-10-06T23:44:27+00:00","breadcrumb":{"@id":"https:\/\/www.koor.sk\/nase-sluzby\/pre-development\/#breadcrumb"},"inLanguage":"hu","potentialAction":[{"@type":"ReadAction","target":["https:\/\/www.koor.sk\/nase-sluzby\/pre-development\/"]}]},{"@type":"BreadcrumbList","@id":"https:\/\/www.koor.sk\/nase-sluzby\/pre-development\/#breadcrumb","itemListElement":[{"@type":"ListItem","position":1,"name":"Home","item":"https:\/\/www.koor.sk\/hu\/kezdolap\/"},{"@type":"ListItem","position":2,"name":"Szolg\u00e1ltat\u00e1saink","item":"https:\/\/www.koor.sk\/hu\/szolgaltatasaink\/"},{"@type":"ListItem","position":3,"name":"Befektet\u0151k r\u00e9sz\u00e9re"}]},{"@type":"WebSite","@id":"https:\/\/www.koor.sk\/#website","url":"https:\/\/www.koor.sk\/","name":"KOOR","description":"","publisher":{"@id":"https:\/\/www.koor.sk\/#organization"},"potentialAction":[{"@type":"SearchAction","target":{"@type":"EntryPoint","urlTemplate":"https:\/\/www.koor.sk\/?s={search_term_string}"},"query-input":{"@type":"PropertyValueSpecification","valueRequired":true,"valueName":"search_term_string"}}],"inLanguage":"hu"},{"@type":"Organization","@id":"https:\/\/www.koor.sk\/#organization","name":"KOOR","url":"https:\/\/www.koor.sk\/","logo":{"@type":"ImageObject","inLanguage":"hu","@id":"https:\/\/www.koor.sk\/#\/schema\/logo\/image\/","url":"https:\/\/www.koor.sk\/wp-content\/uploads\/2021\/05\/koor-logo.jpg","contentUrl":"https:\/\/www.koor.sk\/wp-content\/uploads\/2021\/05\/koor-logo.jpg","width":286,"height":55,"caption":"KOOR"},"image":{"@id":"https:\/\/www.koor.sk\/#\/schema\/logo\/image\/"}}]}},"_links":{"self":[{"href":"https:\/\/www.koor.sk\/hu\/wp-json\/wp\/v2\/pages\/2539","targetHints":{"allow":["GET"]}}],"collection":[{"href":"https:\/\/www.koor.sk\/hu\/wp-json\/wp\/v2\/pages"}],"about":[{"href":"https:\/\/www.koor.sk\/hu\/wp-json\/wp\/v2\/types\/page"}],"author":[{"embeddable":true,"href":"https:\/\/www.koor.sk\/hu\/wp-json\/wp\/v2\/users\/2"}],"replies":[{"embeddable":true,"href":"https:\/\/www.koor.sk\/hu\/wp-json\/wp\/v2\/comments?post=2539"}],"version-history":[{"count":4,"href":"https:\/\/www.koor.sk\/hu\/wp-json\/wp\/v2\/pages\/2539\/revisions"}],"predecessor-version":[{"id":2600,"href":"https:\/\/www.koor.sk\/hu\/wp-json\/wp\/v2\/pages\/2539\/revisions\/2600"}],"up":[{"embeddable":true,"href":"https:\/\/www.koor.sk\/hu\/wp-json\/wp\/v2\/pages\/2551"}],"wp:attachment":[{"href":"https:\/\/www.koor.sk\/hu\/wp-json\/wp\/v2\/media?parent=2539"}],"wp:term":[{"taxonomy":"category","embeddable":true,"href":"https:\/\/www.koor.sk\/hu\/wp-json\/wp\/v2\/categories?post=2539"},{"taxonomy":"post_tag","embeddable":true,"href":"https:\/\/www.koor.sk\/hu\/wp-json\/wp\/v2\/tags?post=2539"}],"curies":[{"name":"wp","href":"https:\/\/api.w.org\/{rel}","templated":true}]}}