{"id":2564,"date":"2020-10-11T14:40:08","date_gmt":"2020-10-11T12:40:08","guid":{"rendered":"https:\/\/www.koor.sk\/kapcsolat\/"},"modified":"2026-03-02T11:44:57","modified_gmt":"2026-03-02T10:44:57","slug":"kapcsolat","status":"publish","type":"page","link":"https:\/\/www.koor.sk\/hu\/kapcsolat\/","title":{"rendered":"Kapcsolat"},"content":{"rendered":"<div class=\"wpb-content-wrapper\"><p>[vc_row][vc_column][vc_custom_heading text=&#8221;Kapcsolat&#8221; font_container=&#8221;tag:h1|text_align:left|color:%23ff2800&#8243; google_fonts=&#8221;font_family:Roboto%3A100%2C100italic%2C300%2C300italic%2Cregular%2Citalic%2C500%2C500italic%2C700%2C700italic%2C900%2C900italic|font_style:700%20bold%20regular%3A700%3Anormal&#8221; css=&#8221;.vc_custom_1696380545330{padding-top: 30px !important;padding-bottom: 30px !important;}&#8221;][\/vc_column][\/vc_row][vc_row full_width=&#8221;stretch_row&#8221; equal_height=&#8221;yes&#8221; css=&#8221;.vc_custom_1696380551682{background-position: center !important;background-repeat: no-repeat !important;background-size: contain !important;}&#8221;][vc_column width=&#8221;1\/2&#8243;][vc_column_text]<i class=\"fa fa-envelope\" aria-hidden=\"true\"><\/i> <strong>rajmund.redvai@koor.hu<\/strong><br \/>\n<i class=\"fa fa-phone\" aria-hidden=\"true\"><\/i> <strong>+36 30 470 8257<\/strong>[\/vc_column_text][vc_separator][vc_separator][vc_custom_heading text=&#8221;Sz\u00e1ml\u00e1z\u00e1si adatok&#8221; font_container=&#8221;tag:h4|text_align:left|color:%23ff2800&#8243; google_fonts=&#8221;font_family:Roboto%3A100%2C100italic%2C300%2C300italic%2Cregular%2Citalic%2C500%2C500italic%2C700%2C700italic%2C900%2C900italic|font_style:700%20bold%20regular%3A700%3Anormal&#8221;][vc_column_text]<strong>KOOR Hungary Kft.<\/strong><br \/>\nM\u00f3ricz Zsigmond rakpart 6-8. 9022 Gy\u0151r<\/p>\n<p>C\u00e9gjegyz\u00e9ksz\u00e1m: 08-09-035657<br \/>\nAd\u00f3sz\u00e1m: 32242362-2-08<br \/>\nK\u00f6z\u00f6ss\u00e9gi ad\u00f3sz\u00e1m: HU32242362<\/p>\n<p>&#8211;<br \/>\n&#8211;<br \/>\n-[\/vc_column_text][\/vc_column][vc_column width=&#8221;1\/2&#8243;][vc_gmaps link=&#8221;#E-8_JTNDaWZyYW1lJTIwc3JjJTNEJTIyaHR0cHMlM0ElMkYlMkZ3d3cuZ29vZ2xlLmNvbSUyRm1hcHMlMkZlbWJlZCUzRnBiJTNEJTIxMW0xOCUyMTFtMTIlMjExbTMlMjExZDI2ODUuNjcyMTkwNTQ2ODU4NSUyMTJkMTcuNjMzMDQzMTc3NDI0MjYlMjEzZDQ3LjY5MDc4NTg4MjE1ODclMjEybTMlMjExZjAlMjEyZjAlMjEzZjAlMjEzbTIlMjExaTEwMjQlMjEyaTc2OCUyMTRmMTMuMSUyMTNtMyUyMTFtMiUyMTFzMHg0NzZiYmZlN2JmYTVlMGFiJTI1M0EweGQ4NDVhZGFiNzBkM2E3ODglMjEyc0d5JTI1QzUlMjU5MXIlMjUyQyUyNTIwTSUyNUMzJTI1QjNyaWN6JTI1MjBac2lnbW9uZCUyNTIwcmtwLiUyNTIwNiUyNTJDJTI1MjA5MDIyJTI1MjBNYSUyNUM0JTI1OEZhcnNrbyUyMTVlMCUyMTNtMiUyMTFzc2slMjEyc3NrJTIxNHYxNzI5NjQyNDc5ODE2JTIxNW0yJTIxMXNzayUyMTJzc2slMjIlMjB3aWR0aCUzRCUyMjYwMCUyMiUyMGhlaWdodCUzRCUyMjQ1MCUyMiUyMGZyYW1lYm9yZGVyJTNEJTIyMCUyMiUyMHN0eWxlJTNEJTIyYm9yZGVyJTNBMCUzQiUyMiUyMGFsbG93ZnVsbHNjcmVlbiUzRCUyMiUyMiUyMGFyaWEtaGlkZGVuJTNEJTIyZmFsc2UlMjIlMjB0YWJpbmRleCUzRCUyMjAlMjIlM0UlM0MlMkZpZnJhbWUlM0U=&#8221; size=&#8221;550px&#8221;][\/vc_column][\/vc_row][vc_row full_width=&#8221;stretch_row&#8221; css=&#8221;.vc_custom_1622443852000{background-color: #ff2800 !important;}&#8221;][vc_column width=&#8221;2\/4&#8243;][vc_custom_heading text=&#8221;Szeretne \u00e9rtes\u00fclni az energiaszolg\u00e1ltat\u00e1sokkal kapcsolatos \u00fajdons\u00e1gokr\u00f3l?&#8221; font_container=&#8221;tag:h5|font_size:18px|text_align:left|color:%23ffffff&#8221; google_fonts=&#8221;font_family:Roboto%3A100%2C100italic%2C300%2C300italic%2Cregular%2Citalic%2C500%2C500italic%2C700%2C700italic%2C900%2C900italic|font_style:400%20regular%3A400%3Anormal&#8221; css_animation=&#8221;fadeInUp&#8221; css=&#8221;.vc_custom_1696357048460{padding-right: 30px !important;}&#8221;][vc_custom_heading text=&#8221;IRATKOZZON FEL H\u00cdRLEVEL\u00dcNKRE&#8221; font_container=&#8221;tag:h5|font_size:18px|text_align:left|color:%23ffffff&#8221; google_fonts=&#8221;font_family:Roboto%3A100%2C100italic%2C300%2C300italic%2Cregular%2Citalic%2C500%2C500italic%2C700%2C700italic%2C900%2C900italic|font_style:400%20regular%3A400%3Anormal&#8221; css_animation=&#8221;fadeInUp&#8221; css=&#8221;.vc_custom_1696357054701{padding-right: 30px !important;padding-bottom: 10px !important;}&#8221;][vc_column_text]<script>(function() {\n\twindow.mc4wp = window.mc4wp || {\n\t\tlisteners: [],\n\t\tforms: {\n\t\t\ton: function(evt, cb) {\n\t\t\t\twindow.mc4wp.listeners.push(\n\t\t\t\t\t{\n\t\t\t\t\t\tevent   : evt,\n\t\t\t\t\t\tcallback: cb\n\t\t\t\t\t}\n\t\t\t\t);\n\t\t\t}\n\t\t}\n\t}\n})();\n<\/script><!-- Mailchimp for WordPress v4.12.1 - https:\/\/wordpress.org\/plugins\/mailchimp-for-wp\/ --><form id=\"mc4wp-form-1\" class=\"mc4wp-form mc4wp-form-375\" method=\"post\" data-id=\"375\" data-name=\"Test\" ><div class=\"mc4wp-form-fields\"><div class=\"vc_btn3-container\" style=\"padding-bottom: 10px;\">\r\n\t\t<input style=\"border-radius: 25px;border: none;padding:5px 10px;width:250px;\" type=\"email\" name=\"EMAIL\" placeholder=\"Va\u0161a e-mailov\u00e1 adresa\" required \/>\r\n  <input class=\"vc_general vc_btn3 vc_btn3-size-sm vc_btn3-shape-round vc_btn3-style-flat vc_btn3-color-white\" type=\"submit\" value=\"ODOBERA\u0164\" \/>\r\n<\/div><\/div><label style=\"display: none !important;\">Ha \u00d6n ember, hagyja \u00fcresen ezt a mez\u0151t: <input type=\"text\" name=\"_mc4wp_honeypot\" value=\"\" tabindex=\"-1\" autocomplete=\"off\" \/><\/label><input type=\"hidden\" name=\"_mc4wp_timestamp\" value=\"1777504748\" \/><input type=\"hidden\" name=\"_mc4wp_form_id\" value=\"375\" \/><input type=\"hidden\" name=\"_mc4wp_form_element_id\" value=\"mc4wp-form-1\" \/><div class=\"mc4wp-response\"><\/div><\/form><!-- \/ Mailchimp for WordPress Plugin -->[\/vc_column_text][\/vc_column][vc_column width=&#8221;1\/4&#8243;][vc_column_text]<\/p>\n<div style=\"color: #fff!important;\">KOOR, s.r.o.<br \/>\nMlynsk\u00e9 Nivy 56,<br \/>\n821 05 Bratislava<br \/>\n<a style=\"color: #fff!important;\" href=\"mailto:koor@koor.sk\" target=\"_blank\" rel=\"noopener\">koor@koor.sk<\/a><\/div>\n<p>[\/vc_column_text][\/vc_column][vc_column width=&#8221;1\/4&#8243;][vc_column_text css=&#8221;&#8221;]<a style=\"color: #fff!important;\" href=\"https:\/\/www.koor.sk\/hu\/kapcsolat\/\">\u2022 Vegye fel vel\u00fcnk a kapcsolatot<\/a><br \/>\n<a style=\"color: #fff!important;\" href=\"https:\/\/www.koor.sk\/ochrana-osobnych-udajov\/\">\u2022 Adatv\u00e9delmi nyilatkozat<\/a><br \/>\n<a style=\"color: #fff!important;\" href=\"https:\/\/forms.office.com\/e\/0Fu97cPqeQ\">\u2022 Javaslat k\u00fcld\u00e9se<\/a><br \/>\n<a style=\"color: #fff!important;\" href=\"https:\/\/forms.office.com\/Pages\/ResponsePage.aspx?id=6CBUDIpFPU6I9cy09HxbZ4Xlbe5XGDFJqeLNJis4uiZUMTI0QUhKRllHNjk2QlJLQTFYS1FRNDNSUi4u\">\u2022 Korrupci\u00f3 bejelent\u00e9se<\/a><br \/>\n<a style=\"color: #fff!important;\" href=\"https:\/\/www.koor.sk\/na-stiahnutie\/\">\u2022 \u00c1ltal\u00e1nos szerz\u0151d\u00e9si felt\u00e9telek<\/a>[\/vc_column_text][\/vc_column][\/vc_row]<\/p>\n<\/div>","protected":false},"excerpt":{"rendered":"<p>[vc_row][vc_column][vc_custom_heading text=&#8221;Kapcsolat&#8221; font_container=&#8221;tag:h1|text_align:left|color:%23ff2800&#8243; google_fonts=&#8221;font_family:Roboto%3A100%2C100italic%2C300%2C300italic%2Cregular%2Citalic%2C500%2C500italic%2C700%2C700italic%2C900%2C900italic|font_style:700%20bold%20regular%3A700%3Anormal&#8221; css=&#8221;.vc_custom_1696380545330{padding-top: 30px !important;padding-bottom: 30px !important;}&#8221;][\/vc_column][\/vc_row][vc_row full_width=&#8221;stretch_row&#8221; equal_height=&#8221;yes&#8221; css=&#8221;.vc_custom_1696380551682{background-position: center !important;background-repeat: no-repeat !important;background-size: contain !important;}&#8221;][vc_column width=&#8221;1\/2&#8243;][vc_column_text] rajmund.redvai@koor.hu +36 30 470 8257[\/vc_column_text][vc_separator][vc_separator][vc_custom_heading text=&#8221;Sz\u00e1ml\u00e1z\u00e1si adatok&#8221; font_container=&#8221;tag:h4|text_align:left|color:%23ff2800&#8243; google_fonts=&#8221;font_family:Roboto%3A100%2C100italic%2C300%2C300italic%2Cregular%2Citalic%2C500%2C500italic%2C700%2C700italic%2C900%2C900italic|font_style:700%20bold%20regular%3A700%3Anormal&#8221;][vc_column_text]KOOR Hungary Kft. M\u00f3ricz Zsigmond rakpart 6-8. 9022 Gy\u0151r C\u00e9gjegyz\u00e9ksz\u00e1m: 08-09-035657 Ad\u00f3sz\u00e1m: 32242362-2-08 K\u00f6z\u00f6ss\u00e9gi ad\u00f3sz\u00e1m: HU32242362 &#8211; &#8211; -[\/vc_column_text][\/vc_column][vc_column width=&#8221;1\/2&#8243;][vc_gmaps link=&#8221;#E-8_JTNDaWZyYW1lJTIwc3JjJTNEJTIyaHR0cHMlM0ElMkYlMkZ3d3cuZ29vZ2xlLmNvbSUyRm1hcHMlMkZlbWJlZCUzRnBiJTNEJTIxMW0xOCUyMTFtMTIlMjExbTMlMjExZDI2ODUuNjcyMTkwNTQ2ODU4NSUyMTJkMTcuNjMzMDQzMTc3NDI0MjYlMjEzZDQ3LjY5MDc4NTg4MjE1ODclMjEybTMlMjExZjAlMjEyZjAlMjEzZjAlMjEzbTIlMjExaTEwMjQlMjEyaTc2OCUyMTRmMTMuMSUyMTNtMyUyMTFtMiUyMTFzMHg0NzZiYmZlN2JmYTVlMGFiJTI1M0EweGQ4NDVhZGFiNzBkM2E3ODglMjEyc0d5JTI1QzUlMjU5MXIlMjUyQyUyNTIwTSUyNUMzJTI1QjNyaWN6JTI1MjBac2lnbW9uZCUyNTIwcmtwLiUyNTIwNiUyNTJDJTI1MjA5MDIyJTI1MjBNYSUyNUM0JTI1OEZhcnNrbyUyMTVlMCUyMTNtMiUyMTFzc2slMjEyc3NrJTIxNHYxNzI5NjQyNDc5ODE2JTIxNW0yJTIxMXNzayUyMTJzc2slMjIlMjB3aWR0aCUzRCUyMjYwMCUyMiUyMGhlaWdodCUzRCUyMjQ1MCUyMiUyMGZyYW1lYm9yZGVyJTNEJTIyMCUyMiUyMHN0eWxlJTNEJTIyYm9yZGVyJTNBMCUzQiUyMiUyMGFsbG93ZnVsbHNjcmVlbiUzRCUyMiUyMiUyMGFyaWEtaGlkZGVuJTNEJTIyZmFsc2UlMjIlMjB0YWJpbmRleCUzRCUyMjAlMjIlM0UlM0MlMkZpZnJhbWUlM0U=&#8221; size=&#8221;550px&#8221;][\/vc_column][\/vc_row][vc_row full_width=&#8221;stretch_row&#8221; css=&#8221;.vc_custom_1622443852000{background-color: #ff2800 !important;}&#8221;][vc_column width=&#8221;2\/4&#8243;][vc_custom_heading text=&#8221;Szeretne [&hellip;]<\/p>\n","protected":false},"author":2,"featured_media":0,"parent":0,"menu_order":0,"comment_status":"closed","ping_status":"closed","template":"","meta":{"_monsterinsights_skip_tracking":false,"_monsterinsights_sitenote_active":false,"_monsterinsights_sitenote_note":"","_monsterinsights_sitenote_category":0,"_vp_format_video_url":"","_vp_image_focal_point":[],"footnotes":""},"categories":[],"tags":[],"class_list":["post-2564","page","type-page","status-publish","hentry"],"yoast_head":"<!-- This site is optimized with the Yoast SEO plugin v27.1.1 - https:\/\/yoast.com\/product\/yoast-seo-wordpress\/ -->\n<title>Kapcsolat - KOOR<\/title>\n<meta name=\"robots\" content=\"index, follow, max-snippet:-1, max-image-preview:large, max-video-preview:-1\" \/>\n<link rel=\"canonical\" href=\"https:\/\/www.koor.sk\/hu\/kapcsolat\/\" \/>\n<meta property=\"og:locale\" content=\"hu_HU\" \/>\n<meta property=\"og:type\" content=\"article\" \/>\n<meta property=\"og:title\" content=\"Kapcsolat - KOOR\" \/>\n<meta property=\"og:description\" content=\"[vc_row][vc_column][vc_custom_heading text=&#8221;Kapcsolat&#8221; font_container=&#8221;tag:h1|text_align:left|color:%23ff2800&#8243; google_fonts=&#8221;font_family:Roboto%3A100%2C100italic%2C300%2C300italic%2Cregular%2Citalic%2C500%2C500italic%2C700%2C700italic%2C900%2C900italic|font_style:700%20bold%20regular%3A700%3Anormal&#8221; css=&#8221;.vc_custom_1696380545330{padding-top: 30px !important;padding-bottom: 30px !important;}&#8221;][\/vc_column][\/vc_row][vc_row full_width=&#8221;stretch_row&#8221; equal_height=&#8221;yes&#8221; css=&#8221;.vc_custom_1696380551682{background-position: center !important;background-repeat: no-repeat !important;background-size: contain !important;}&#8221;][vc_column width=&#8221;1\/2&#8243;][vc_column_text] rajmund.redvai@koor.hu +36 30 470 8257[\/vc_column_text][vc_separator][vc_separator][vc_custom_heading text=&#8221;Sz\u00e1ml\u00e1z\u00e1si adatok&#8221; font_container=&#8221;tag:h4|text_align:left|color:%23ff2800&#8243; google_fonts=&#8221;font_family:Roboto%3A100%2C100italic%2C300%2C300italic%2Cregular%2Citalic%2C500%2C500italic%2C700%2C700italic%2C900%2C900italic|font_style:700%20bold%20regular%3A700%3Anormal&#8221;][vc_column_text]KOOR Hungary Kft. M\u00f3ricz Zsigmond rakpart 6-8. 9022 Gy\u0151r C\u00e9gjegyz\u00e9ksz\u00e1m: 08-09-035657 Ad\u00f3sz\u00e1m: 32242362-2-08 K\u00f6z\u00f6ss\u00e9gi ad\u00f3sz\u00e1m: HU32242362 &#8211; &#8211; -[\/vc_column_text][\/vc_column][vc_column width=&#8221;1\/2&#8243;][vc_gmaps link=&#8221;#E-8_JTNDaWZyYW1lJTIwc3JjJTNEJTIyaHR0cHMlM0ElMkYlMkZ3d3cuZ29vZ2xlLmNvbSUyRm1hcHMlMkZlbWJlZCUzRnBiJTNEJTIxMW0xOCUyMTFtMTIlMjExbTMlMjExZDI2ODUuNjcyMTkwNTQ2ODU4NSUyMTJkMTcuNjMzMDQzMTc3NDI0MjYlMjEzZDQ3LjY5MDc4NTg4MjE1ODclMjEybTMlMjExZjAlMjEyZjAlMjEzZjAlMjEzbTIlMjExaTEwMjQlMjEyaTc2OCUyMTRmMTMuMSUyMTNtMyUyMTFtMiUyMTFzMHg0NzZiYmZlN2JmYTVlMGFiJTI1M0EweGQ4NDVhZGFiNzBkM2E3ODglMjEyc0d5JTI1QzUlMjU5MXIlMjUyQyUyNTIwTSUyNUMzJTI1QjNyaWN6JTI1MjBac2lnbW9uZCUyNTIwcmtwLiUyNTIwNiUyNTJDJTI1MjA5MDIyJTI1MjBNYSUyNUM0JTI1OEZhcnNrbyUyMTVlMCUyMTNtMiUyMTFzc2slMjEyc3NrJTIxNHYxNzI5NjQyNDc5ODE2JTIxNW0yJTIxMXNzayUyMTJzc2slMjIlMjB3aWR0aCUzRCUyMjYwMCUyMiUyMGhlaWdodCUzRCUyMjQ1MCUyMiUyMGZyYW1lYm9yZGVyJTNEJTIyMCUyMiUyMHN0eWxlJTNEJTIyYm9yZGVyJTNBMCUzQiUyMiUyMGFsbG93ZnVsbHNjcmVlbiUzRCUyMiUyMiUyMGFyaWEtaGlkZGVuJTNEJTIyZmFsc2UlMjIlMjB0YWJpbmRleCUzRCUyMjAlMjIlM0UlM0MlMkZpZnJhbWUlM0U=&#8221; size=&#8221;550px&#8221;][\/vc_column][\/vc_row][vc_row full_width=&#8221;stretch_row&#8221; css=&#8221;.vc_custom_1622443852000{background-color: #ff2800 !important;}&#8221;][vc_column width=&#8221;2\/4&#8243;][vc_custom_heading text=&#8221;Szeretne [&hellip;]\" \/>\n<meta property=\"og:url\" content=\"https:\/\/www.koor.sk\/hu\/kapcsolat\/\" \/>\n<meta property=\"og:site_name\" content=\"KOOR\" \/>\n<meta property=\"article:modified_time\" content=\"2026-03-02T10:44:57+00:00\" \/>\n<meta name=\"twitter:card\" content=\"summary_large_image\" \/>\n<meta name=\"twitter:label1\" content=\"Becs\u00fclt olvas\u00e1si id\u0151\" \/>\n\t<meta name=\"twitter:data1\" content=\"1 perc\" \/>\n<script type=\"application\/ld+json\" class=\"yoast-schema-graph\">{\"@context\":\"https:\/\/schema.org\",\"@graph\":[{\"@type\":\"WebPage\",\"@id\":\"https:\/\/www.koor.sk\/hu\/kapcsolat\/\",\"url\":\"https:\/\/www.koor.sk\/hu\/kapcsolat\/\",\"name\":\"Kapcsolat - KOOR\",\"isPartOf\":{\"@id\":\"https:\/\/www.koor.sk\/#website\"},\"datePublished\":\"2020-10-11T12:40:08+00:00\",\"dateModified\":\"2026-03-02T10:44:57+00:00\",\"breadcrumb\":{\"@id\":\"https:\/\/www.koor.sk\/hu\/kapcsolat\/#breadcrumb\"},\"inLanguage\":\"hu\",\"potentialAction\":[{\"@type\":\"ReadAction\",\"target\":[\"https:\/\/www.koor.sk\/hu\/kapcsolat\/\"]}]},{\"@type\":\"BreadcrumbList\",\"@id\":\"https:\/\/www.koor.sk\/hu\/kapcsolat\/#breadcrumb\",\"itemListElement\":[{\"@type\":\"ListItem\",\"position\":1,\"name\":\"Home\",\"item\":\"https:\/\/www.koor.sk\/hu\/kezdolap\/\"},{\"@type\":\"ListItem\",\"position\":2,\"name\":\"Kapcsolat\"}]},{\"@type\":\"WebSite\",\"@id\":\"https:\/\/www.koor.sk\/#website\",\"url\":\"https:\/\/www.koor.sk\/\",\"name\":\"KOOR\",\"description\":\"\",\"publisher\":{\"@id\":\"https:\/\/www.koor.sk\/#organization\"},\"potentialAction\":[{\"@type\":\"SearchAction\",\"target\":{\"@type\":\"EntryPoint\",\"urlTemplate\":\"https:\/\/www.koor.sk\/?s={search_term_string}\"},\"query-input\":{\"@type\":\"PropertyValueSpecification\",\"valueRequired\":true,\"valueName\":\"search_term_string\"}}],\"inLanguage\":\"hu\"},{\"@type\":\"Organization\",\"@id\":\"https:\/\/www.koor.sk\/#organization\",\"name\":\"KOOR\",\"url\":\"https:\/\/www.koor.sk\/\",\"logo\":{\"@type\":\"ImageObject\",\"inLanguage\":\"hu\",\"@id\":\"https:\/\/www.koor.sk\/#\/schema\/logo\/image\/\",\"url\":\"https:\/\/www.koor.sk\/wp-content\/uploads\/2021\/05\/koor-logo.jpg\",\"contentUrl\":\"https:\/\/www.koor.sk\/wp-content\/uploads\/2021\/05\/koor-logo.jpg\",\"width\":286,\"height\":55,\"caption\":\"KOOR\"},\"image\":{\"@id\":\"https:\/\/www.koor.sk\/#\/schema\/logo\/image\/\"}}]}<\/script>\n<!-- \/ Yoast SEO plugin. -->","yoast_head_json":{"title":"Kapcsolat - KOOR","robots":{"index":"index","follow":"follow","max-snippet":"max-snippet:-1","max-image-preview":"max-image-preview:large","max-video-preview":"max-video-preview:-1"},"canonical":"https:\/\/www.koor.sk\/hu\/kapcsolat\/","og_locale":"hu_HU","og_type":"article","og_title":"Kapcsolat - KOOR","og_description":"[vc_row][vc_column][vc_custom_heading text=&#8221;Kapcsolat&#8221; font_container=&#8221;tag:h1|text_align:left|color:%23ff2800&#8243; google_fonts=&#8221;font_family:Roboto%3A100%2C100italic%2C300%2C300italic%2Cregular%2Citalic%2C500%2C500italic%2C700%2C700italic%2C900%2C900italic|font_style:700%20bold%20regular%3A700%3Anormal&#8221; css=&#8221;.vc_custom_1696380545330{padding-top: 30px !important;padding-bottom: 30px !important;}&#8221;][\/vc_column][\/vc_row][vc_row full_width=&#8221;stretch_row&#8221; equal_height=&#8221;yes&#8221; css=&#8221;.vc_custom_1696380551682{background-position: center !important;background-repeat: no-repeat !important;background-size: contain !important;}&#8221;][vc_column width=&#8221;1\/2&#8243;][vc_column_text] rajmund.redvai@koor.hu +36 30 470 8257[\/vc_column_text][vc_separator][vc_separator][vc_custom_heading text=&#8221;Sz\u00e1ml\u00e1z\u00e1si adatok&#8221; font_container=&#8221;tag:h4|text_align:left|color:%23ff2800&#8243; google_fonts=&#8221;font_family:Roboto%3A100%2C100italic%2C300%2C300italic%2Cregular%2Citalic%2C500%2C500italic%2C700%2C700italic%2C900%2C900italic|font_style:700%20bold%20regular%3A700%3Anormal&#8221;][vc_column_text]KOOR Hungary Kft. M\u00f3ricz Zsigmond rakpart 6-8. 9022 Gy\u0151r C\u00e9gjegyz\u00e9ksz\u00e1m: 08-09-035657 Ad\u00f3sz\u00e1m: 32242362-2-08 K\u00f6z\u00f6ss\u00e9gi ad\u00f3sz\u00e1m: HU32242362 &#8211; &#8211; -[\/vc_column_text][\/vc_column][vc_column width=&#8221;1\/2&#8243;][vc_gmaps link=&#8221;#E-8_JTNDaWZyYW1lJTIwc3JjJTNEJTIyaHR0cHMlM0ElMkYlMkZ3d3cuZ29vZ2xlLmNvbSUyRm1hcHMlMkZlbWJlZCUzRnBiJTNEJTIxMW0xOCUyMTFtMTIlMjExbTMlMjExZDI2ODUuNjcyMTkwNTQ2ODU4NSUyMTJkMTcuNjMzMDQzMTc3NDI0MjYlMjEzZDQ3LjY5MDc4NTg4MjE1ODclMjEybTMlMjExZjAlMjEyZjAlMjEzZjAlMjEzbTIlMjExaTEwMjQlMjEyaTc2OCUyMTRmMTMuMSUyMTNtMyUyMTFtMiUyMTFzMHg0NzZiYmZlN2JmYTVlMGFiJTI1M0EweGQ4NDVhZGFiNzBkM2E3ODglMjEyc0d5JTI1QzUlMjU5MXIlMjUyQyUyNTIwTSUyNUMzJTI1QjNyaWN6JTI1MjBac2lnbW9uZCUyNTIwcmtwLiUyNTIwNiUyNTJDJTI1MjA5MDIyJTI1MjBNYSUyNUM0JTI1OEZhcnNrbyUyMTVlMCUyMTNtMiUyMTFzc2slMjEyc3NrJTIxNHYxNzI5NjQyNDc5ODE2JTIxNW0yJTIxMXNzayUyMTJzc2slMjIlMjB3aWR0aCUzRCUyMjYwMCUyMiUyMGhlaWdodCUzRCUyMjQ1MCUyMiUyMGZyYW1lYm9yZGVyJTNEJTIyMCUyMiUyMHN0eWxlJTNEJTIyYm9yZGVyJTNBMCUzQiUyMiUyMGFsbG93ZnVsbHNjcmVlbiUzRCUyMiUyMiUyMGFyaWEtaGlkZGVuJTNEJTIyZmFsc2UlMjIlMjB0YWJpbmRleCUzRCUyMjAlMjIlM0UlM0MlMkZpZnJhbWUlM0U=&#8221; size=&#8221;550px&#8221;][\/vc_column][\/vc_row][vc_row full_width=&#8221;stretch_row&#8221; css=&#8221;.vc_custom_1622443852000{background-color: #ff2800 !important;}&#8221;][vc_column width=&#8221;2\/4&#8243;][vc_custom_heading text=&#8221;Szeretne [&hellip;]","og_url":"https:\/\/www.koor.sk\/hu\/kapcsolat\/","og_site_name":"KOOR","article_modified_time":"2026-03-02T10:44:57+00:00","twitter_card":"summary_large_image","twitter_misc":{"Becs\u00fclt olvas\u00e1si id\u0151":"1 perc"},"schema":{"@context":"https:\/\/schema.org","@graph":[{"@type":"WebPage","@id":"https:\/\/www.koor.sk\/hu\/kapcsolat\/","url":"https:\/\/www.koor.sk\/hu\/kapcsolat\/","name":"Kapcsolat - KOOR","isPartOf":{"@id":"https:\/\/www.koor.sk\/#website"},"datePublished":"2020-10-11T12:40:08+00:00","dateModified":"2026-03-02T10:44:57+00:00","breadcrumb":{"@id":"https:\/\/www.koor.sk\/hu\/kapcsolat\/#breadcrumb"},"inLanguage":"hu","potentialAction":[{"@type":"ReadAction","target":["https:\/\/www.koor.sk\/hu\/kapcsolat\/"]}]},{"@type":"BreadcrumbList","@id":"https:\/\/www.koor.sk\/hu\/kapcsolat\/#breadcrumb","itemListElement":[{"@type":"ListItem","position":1,"name":"Home","item":"https:\/\/www.koor.sk\/hu\/kezdolap\/"},{"@type":"ListItem","position":2,"name":"Kapcsolat"}]},{"@type":"WebSite","@id":"https:\/\/www.koor.sk\/#website","url":"https:\/\/www.koor.sk\/","name":"KOOR","description":"","publisher":{"@id":"https:\/\/www.koor.sk\/#organization"},"potentialAction":[{"@type":"SearchAction","target":{"@type":"EntryPoint","urlTemplate":"https:\/\/www.koor.sk\/?s={search_term_string}"},"query-input":{"@type":"PropertyValueSpecification","valueRequired":true,"valueName":"search_term_string"}}],"inLanguage":"hu"},{"@type":"Organization","@id":"https:\/\/www.koor.sk\/#organization","name":"KOOR","url":"https:\/\/www.koor.sk\/","logo":{"@type":"ImageObject","inLanguage":"hu","@id":"https:\/\/www.koor.sk\/#\/schema\/logo\/image\/","url":"https:\/\/www.koor.sk\/wp-content\/uploads\/2021\/05\/koor-logo.jpg","contentUrl":"https:\/\/www.koor.sk\/wp-content\/uploads\/2021\/05\/koor-logo.jpg","width":286,"height":55,"caption":"KOOR"},"image":{"@id":"https:\/\/www.koor.sk\/#\/schema\/logo\/image\/"}}]}},"_links":{"self":[{"href":"https:\/\/www.koor.sk\/hu\/wp-json\/wp\/v2\/pages\/2564","targetHints":{"allow":["GET"]}}],"collection":[{"href":"https:\/\/www.koor.sk\/hu\/wp-json\/wp\/v2\/pages"}],"about":[{"href":"https:\/\/www.koor.sk\/hu\/wp-json\/wp\/v2\/types\/page"}],"author":[{"embeddable":true,"href":"https:\/\/www.koor.sk\/hu\/wp-json\/wp\/v2\/users\/2"}],"replies":[{"embeddable":true,"href":"https:\/\/www.koor.sk\/hu\/wp-json\/wp\/v2\/comments?post=2564"}],"version-history":[{"count":6,"href":"https:\/\/www.koor.sk\/hu\/wp-json\/wp\/v2\/pages\/2564\/revisions"}],"predecessor-version":[{"id":2881,"href":"https:\/\/www.koor.sk\/hu\/wp-json\/wp\/v2\/pages\/2564\/revisions\/2881"}],"wp:attachment":[{"href":"https:\/\/www.koor.sk\/hu\/wp-json\/wp\/v2\/media?parent=2564"}],"wp:term":[{"taxonomy":"category","embeddable":true,"href":"https:\/\/www.koor.sk\/hu\/wp-json\/wp\/v2\/categories?post=2564"},{"taxonomy":"post_tag","embeddable":true,"href":"https:\/\/www.koor.sk\/hu\/wp-json\/wp\/v2\/tags?post=2564"}],"curies":[{"name":"wp","href":"https:\/\/api.w.org\/{rel}","templated":true}]}}